{"id":10637,"date":"2011-11-10T11:45:39","date_gmt":"2011-11-10T16:45:39","guid":{"rendered":"http:\/\/pmedicine.org\/epatients\/?page_id=10637"},"modified":"2011-11-10T04:39:08","modified_gmt":"2011-11-10T09:39:08","slug":"wp-espanol","status":"publish","type":"page","link":"https:\/\/participatorymedicine.org\/epatients\/wp-espanol","title":{"rendered":"Libro blanco de los e-Pacientes"},"content":{"rendered":"<div id=\"attachment_10661\" style=\"width: 210px\" class=\"wp-caption alignleft\"><a href=\"https:\/\/participatorymedicine.org\/epatients\/wp-content\/uploads\/sites\/3\/2011\/11\/Libro-blanco-de-los-e-Pacientes.pdf\" target=\"_blank\"><img loading=\"lazy\" decoding=\"async\" aria-describedby=\"caption-attachment-10661\" class=\"size-full wp-image-10661   \" title=\"Spanish white paper cover\" src=\"https:\/\/participatorymedicine.org\/epatients\/wp-content\/uploads\/sites\/3\/2011\/11\/Spanish-white-paper-cover1.jpg\" alt=\"\" width=\"200\" height=\"284\" \/><\/a><p id=\"caption-attachment-10661\" class=\"wp-caption-text\">Haga click en la imagen para descargarlo \/ Click cover image to download (962k)<\/p><\/div>\n<p>La esper\u00e1bamos hac\u00eda tiempo y por fin ya est\u00e1 aqu\u00ed: la edici\u00f3n espa\u00f1ola del famoso &#8220;Libro Blanco de los e-Pacientes&#8221; del Dr. Tom Ferguson: &#8220;e-Pacientes: c\u00f3mo nos pueden ayudar a mejorar la salud.&#8221;<\/p>\n<p><strong>Haga clic en la\u00a0imagen de la\u00a0<\/strong><strong>izquierda<\/strong>\u00a0para\u00a0descargar el\u00a0PDF\u00a0(962kb).<\/p>\n<p>Lea el\u00a0post del\u00a0blog sobre\u00a0esta edici\u00f3n\u00a0<span style=\"text-decoration: underline;\"><a href=\"https:\/\/participatorymedicine.org\/epatients\/archives\/2011\/11\/wp-spanish.html\">en\u00a0Ingl\u00e9s<\/a><\/span>\u00a0o\u00a0<span style=\"text-decoration: underline;\"><a href=\"https:\/\/participatorymedicine.org\/epatients\/archives\/2011\/11\/wp-espanol.html\">en Espa\u00f1ol<\/a><\/span>.<\/p>\n<p>Muchas gracias\u00a0\/\u00a0many thanks\u00a0a los editores, Elia\u00a0Gabarr\u00f3n\u00a0y\u00a0Luis\u00a0Fern\u00e1ndez\u00a0Luque!<\/p>\n<p><em>La versi\u00f3n en\u00a0Ingl\u00e9s\u00a0<\/em><em>est\u00e1 disponible\u00a0<a href=\"https:\/\/participatorymedicine.org\/epatients\/e-Patients_White_Paper.pdf\">aqu\u00ed<\/a>.<br \/>\n<\/em>________________________<\/p>\n<p>It&#8217;s long-awaited, and it&#8217;s finally here: the Spanish edition of Dr. Tom Ferguson&#8217;s famous &#8220;e-Patient White Paper,&#8221; \u201ce-Pacientes: c\u00f3mo nos pueden ayudar a mejorar la salud.\u201d<\/p>\n<p><strong>Click\u00a0the cover image at left<\/strong> to download the PDF (962kb).<\/p>\n<p>Read the blog post about this edition <a href=\"https:\/\/participatorymedicine.org\/epatients\/archives\/2011\/11\/wp-spanish.html\">in English<\/a> or <a href=\"https:\/\/participatorymedicine.org\/epatients\/archives\/2011\/11\/wp-espanol.html\">en Espa\u00f1ol<\/a>.<\/p>\n<p>Many thanks \/ muchas gracias to the editors, Elia\u00a0Gabarr\u00f3n and Luis\u00a0Fern\u00e1ndez Luque!<\/p>\n<p><em>The English language version is available <a href=\"https:\/\/participatorymedicine.org\/epatients\/e-Patients_White_Paper.pdf\">here<\/a>.<\/em><\/p>\n<p>&nbsp;<\/p>\n","protected":false},"excerpt":{"rendered":"<p>La esper\u00e1bamos hac\u00eda tiempo y por fin ya est\u00e1 aqu\u00ed: la edici\u00f3n espa\u00f1ola del famoso &#8220;Libro Blanco de los e-Pacientes&#8221; del Dr. Tom Ferguson: &#8220;e-Pacientes: c\u00f3mo nos pueden ayudar a [&hellip;]<\/p>\n","protected":false},"author":4,"featured_media":0,"parent":0,"menu_order":0,"comment_status":"open","ping_status":"open","template":"","meta":{"give_campaign_id":0,"_et_pb_use_builder":"","_et_pb_old_content":"","_et_gb_content_width":"","_price":"","_stock":"","_tribe_ticket_header":"","_tribe_default_ticket_provider":"","_tribe_ticket_capacity":"0","_ticket_start_date":"","_ticket_end_date":"","_tribe_ticket_show_description":"","_tribe_ticket_show_not_going":false,"_tribe_ticket_use_global_stock":"","_tribe_ticket_global_stock_level":"","_global_stock_mode":"","_global_stock_cap":"","_tribe_rsvp_for_event":"","_tribe_ticket_going_count":"","_tribe_ticket_not_going_count":"","_tribe_tickets_list":"[]","_tribe_ticket_has_attendee_info_fields":false,"jetpack_post_was_ever_published":false,"footnotes":"","_tec_slr_enabled":"","_tec_slr_layout":""},"coauthors":[8260],"class_list":["post-10637","page","type-page","status-publish","hentry"],"yoast_head":"<!-- This site is optimized with the Yoast SEO plugin v27.4 - https:\/\/yoast.com\/product\/yoast-seo-wordpress\/ -->\n<title>Libro blanco de los e-Pacientes - SPM Blog<\/title>\n<meta name=\"robots\" content=\"index, follow, max-snippet:-1, max-image-preview:large, max-video-preview:-1\" \/>\n<link rel=\"canonical\" href=\"https:\/\/participatorymedicine.org\/epatients\/wp-espanol\" \/>\n<meta property=\"og:locale\" content=\"en_US\" \/>\n<meta property=\"og:type\" content=\"article\" \/>\n<meta property=\"og:title\" content=\"Libro blanco de los e-Pacientes - SPM Blog\" \/>\n<meta property=\"og:description\" content=\"La esper\u00e1bamos hac\u00eda tiempo y por fin ya est\u00e1 aqu\u00ed: la edici\u00f3n espa\u00f1ola del famoso &#8220;Libro Blanco de los e-Pacientes&#8221; del Dr. Tom Ferguson: &#8220;e-Pacientes: c\u00f3mo nos pueden ayudar a [&hellip;]\" \/>\n<meta property=\"og:url\" content=\"https:\/\/participatorymedicine.org\/epatients\/wp-espanol\" \/>\n<meta property=\"og:site_name\" content=\"SPM Blog\" \/>\n<meta property=\"article:publisher\" content=\"https:\/\/www.facebook.com\/participatorymedicine\" \/>\n<meta property=\"og:image\" content=\"https:\/\/participatorymedicine.org\/epatients\/wp-content\/uploads\/sites\/3\/2011\/11\/Spanish-white-paper-cover1.jpg\" \/>\n<meta name=\"twitter:card\" content=\"summary_large_image\" \/>\n<meta name=\"twitter:site\" content=\"@s4pm\" \/>\n<meta name=\"twitter:label1\" content=\"Est. reading time\" \/>\n\t<meta name=\"twitter:data1\" content=\"1 minute\" \/>\n\t<meta name=\"twitter:label2\" content=\"Written by\" \/>\n\t<meta name=\"twitter:data2\" content=\"e-Patient Dave\" \/>\n<script type=\"application\/ld+json\" class=\"yoast-schema-graph\">{\"@context\":\"https:\\\/\\\/schema.org\",\"@graph\":[{\"@type\":\"WebPage\",\"@id\":\"https:\\\/\\\/participatorymedicine.org\\\/epatients\\\/wp-espanol\",\"url\":\"https:\\\/\\\/participatorymedicine.org\\\/epatients\\\/wp-espanol\",\"name\":\"Libro blanco de los e-Pacientes - SPM Blog\",\"isPartOf\":{\"@id\":\"https:\\\/\\\/participatorymedicine.org\\\/epatients\\\/#website\"},\"primaryImageOfPage\":{\"@id\":\"https:\\\/\\\/participatorymedicine.org\\\/epatients\\\/wp-espanol#primaryimage\"},\"image\":{\"@id\":\"https:\\\/\\\/participatorymedicine.org\\\/epatients\\\/wp-espanol#primaryimage\"},\"thumbnailUrl\":\"https:\\\/\\\/participatorymedicine.org\\\/epatients\\\/wp-content\\\/uploads\\\/sites\\\/3\\\/2011\\\/11\\\/Spanish-white-paper-cover1.jpg\",\"datePublished\":\"2011-11-10T16:45:39+00:00\",\"breadcrumb\":{\"@id\":\"https:\\\/\\\/participatorymedicine.org\\\/epatients\\\/wp-espanol#breadcrumb\"},\"inLanguage\":\"en-US\",\"potentialAction\":[{\"@type\":\"ReadAction\",\"target\":[\"https:\\\/\\\/participatorymedicine.org\\\/epatients\\\/wp-espanol\"]}]},{\"@type\":\"ImageObject\",\"inLanguage\":\"en-US\",\"@id\":\"https:\\\/\\\/participatorymedicine.org\\\/epatients\\\/wp-espanol#primaryimage\",\"url\":\"https:\\\/\\\/participatorymedicine.org\\\/epatients\\\/wp-content\\\/uploads\\\/sites\\\/3\\\/2011\\\/11\\\/Spanish-white-paper-cover1.jpg\",\"contentUrl\":\"https:\\\/\\\/participatorymedicine.org\\\/epatients\\\/wp-content\\\/uploads\\\/sites\\\/3\\\/2011\\\/11\\\/Spanish-white-paper-cover1.jpg\",\"width\":\"117\",\"height\":\"166\"},{\"@type\":\"BreadcrumbList\",\"@id\":\"https:\\\/\\\/participatorymedicine.org\\\/epatients\\\/wp-espanol#breadcrumb\",\"itemListElement\":[{\"@type\":\"ListItem\",\"position\":1,\"name\":\"Home\",\"item\":\"https:\\\/\\\/participatorymedicine.org\\\/epatients\\\/\"},{\"@type\":\"ListItem\",\"position\":2,\"name\":\"Libro blanco de los e-Pacientes\"}]},{\"@type\":\"WebSite\",\"@id\":\"https:\\\/\\\/participatorymedicine.org\\\/epatients\\\/#website\",\"url\":\"https:\\\/\\\/participatorymedicine.org\\\/epatients\\\/\",\"name\":\"SPM Blog\",\"description\":\"\",\"publisher\":{\"@id\":\"https:\\\/\\\/participatorymedicine.org\\\/epatients\\\/#organization\"},\"potentialAction\":[{\"@type\":\"SearchAction\",\"target\":{\"@type\":\"EntryPoint\",\"urlTemplate\":\"https:\\\/\\\/participatorymedicine.org\\\/epatients\\\/?s={search_term_string}\"},\"query-input\":{\"@type\":\"PropertyValueSpecification\",\"valueRequired\":true,\"valueName\":\"search_term_string\"}}],\"inLanguage\":\"en-US\"},{\"@type\":\"Organization\",\"@id\":\"https:\\\/\\\/participatorymedicine.org\\\/epatients\\\/#organization\",\"name\":\"Society for Participatory Medicine\",\"url\":\"https:\\\/\\\/participatorymedicine.org\\\/epatients\\\/\",\"logo\":{\"@type\":\"ImageObject\",\"inLanguage\":\"en-US\",\"@id\":\"https:\\\/\\\/participatorymedicine.org\\\/epatients\\\/#\\\/schema\\\/logo\\\/image\\\/\",\"url\":\"https:\\\/\\\/participatorymedicine.org\\\/epatients\\\/wp-content\\\/uploads\\\/sites\\\/3\\\/2017\\\/06\\\/spm-logo-13.png\",\"contentUrl\":\"https:\\\/\\\/participatorymedicine.org\\\/epatients\\\/wp-content\\\/uploads\\\/sites\\\/3\\\/2017\\\/06\\\/spm-logo-13.png\",\"width\":971,\"height\":269,\"caption\":\"Society for Participatory Medicine\"},\"image\":{\"@id\":\"https:\\\/\\\/participatorymedicine.org\\\/epatients\\\/#\\\/schema\\\/logo\\\/image\\\/\"},\"sameAs\":[\"https:\\\/\\\/www.facebook.com\\\/participatorymedicine\",\"https:\\\/\\\/x.com\\\/s4pm\"]}]}<\/script>\n<!-- \/ Yoast SEO plugin. -->","yoast_head_json":{"title":"Libro blanco de los e-Pacientes - SPM Blog","robots":{"index":"index","follow":"follow","max-snippet":"max-snippet:-1","max-image-preview":"max-image-preview:large","max-video-preview":"max-video-preview:-1"},"canonical":"https:\/\/participatorymedicine.org\/epatients\/wp-espanol","og_locale":"en_US","og_type":"article","og_title":"Libro blanco de los e-Pacientes - SPM Blog","og_description":"La esper\u00e1bamos hac\u00eda tiempo y por fin ya est\u00e1 aqu\u00ed: la edici\u00f3n espa\u00f1ola del famoso &#8220;Libro Blanco de los e-Pacientes&#8221; del Dr. Tom Ferguson: &#8220;e-Pacientes: c\u00f3mo nos pueden ayudar a [&hellip;]","og_url":"https:\/\/participatorymedicine.org\/epatients\/wp-espanol","og_site_name":"SPM Blog","article_publisher":"https:\/\/www.facebook.com\/participatorymedicine","og_image":[{"url":"https:\/\/participatorymedicine.org\/epatients\/wp-content\/uploads\/sites\/3\/2011\/11\/Spanish-white-paper-cover1.jpg","type":"","width":"","height":""}],"twitter_card":"summary_large_image","twitter_site":"@s4pm","twitter_misc":{"Est. reading time":"1 minute","Written by":"e-Patient Dave"},"schema":{"@context":"https:\/\/schema.org","@graph":[{"@type":"WebPage","@id":"https:\/\/participatorymedicine.org\/epatients\/wp-espanol","url":"https:\/\/participatorymedicine.org\/epatients\/wp-espanol","name":"Libro blanco de los e-Pacientes - SPM Blog","isPartOf":{"@id":"https:\/\/participatorymedicine.org\/epatients\/#website"},"primaryImageOfPage":{"@id":"https:\/\/participatorymedicine.org\/epatients\/wp-espanol#primaryimage"},"image":{"@id":"https:\/\/participatorymedicine.org\/epatients\/wp-espanol#primaryimage"},"thumbnailUrl":"https:\/\/participatorymedicine.org\/epatients\/wp-content\/uploads\/sites\/3\/2011\/11\/Spanish-white-paper-cover1.jpg","datePublished":"2011-11-10T16:45:39+00:00","breadcrumb":{"@id":"https:\/\/participatorymedicine.org\/epatients\/wp-espanol#breadcrumb"},"inLanguage":"en-US","potentialAction":[{"@type":"ReadAction","target":["https:\/\/participatorymedicine.org\/epatients\/wp-espanol"]}]},{"@type":"ImageObject","inLanguage":"en-US","@id":"https:\/\/participatorymedicine.org\/epatients\/wp-espanol#primaryimage","url":"https:\/\/participatorymedicine.org\/epatients\/wp-content\/uploads\/sites\/3\/2011\/11\/Spanish-white-paper-cover1.jpg","contentUrl":"https:\/\/participatorymedicine.org\/epatients\/wp-content\/uploads\/sites\/3\/2011\/11\/Spanish-white-paper-cover1.jpg","width":"117","height":"166"},{"@type":"BreadcrumbList","@id":"https:\/\/participatorymedicine.org\/epatients\/wp-espanol#breadcrumb","itemListElement":[{"@type":"ListItem","position":1,"name":"Home","item":"https:\/\/participatorymedicine.org\/epatients\/"},{"@type":"ListItem","position":2,"name":"Libro blanco de los e-Pacientes"}]},{"@type":"WebSite","@id":"https:\/\/participatorymedicine.org\/epatients\/#website","url":"https:\/\/participatorymedicine.org\/epatients\/","name":"SPM Blog","description":"","publisher":{"@id":"https:\/\/participatorymedicine.org\/epatients\/#organization"},"potentialAction":[{"@type":"SearchAction","target":{"@type":"EntryPoint","urlTemplate":"https:\/\/participatorymedicine.org\/epatients\/?s={search_term_string}"},"query-input":{"@type":"PropertyValueSpecification","valueRequired":true,"valueName":"search_term_string"}}],"inLanguage":"en-US"},{"@type":"Organization","@id":"https:\/\/participatorymedicine.org\/epatients\/#organization","name":"Society for Participatory Medicine","url":"https:\/\/participatorymedicine.org\/epatients\/","logo":{"@type":"ImageObject","inLanguage":"en-US","@id":"https:\/\/participatorymedicine.org\/epatients\/#\/schema\/logo\/image\/","url":"https:\/\/participatorymedicine.org\/epatients\/wp-content\/uploads\/sites\/3\/2017\/06\/spm-logo-13.png","contentUrl":"https:\/\/participatorymedicine.org\/epatients\/wp-content\/uploads\/sites\/3\/2017\/06\/spm-logo-13.png","width":971,"height":269,"caption":"Society for Participatory Medicine"},"image":{"@id":"https:\/\/participatorymedicine.org\/epatients\/#\/schema\/logo\/image\/"},"sameAs":["https:\/\/www.facebook.com\/participatorymedicine","https:\/\/x.com\/s4pm"]}]}},"campaignId":"","jetpack_shortlink":"https:\/\/wp.me\/P8S1TQ-2Lz","jetpack-related-posts":[],"jetpack_sharing_enabled":true,"ticketed":false,"_links":{"self":[{"href":"https:\/\/participatorymedicine.org\/epatients\/wp-json\/wp\/v2\/pages\/10637","targetHints":{"allow":["GET"]}}],"collection":[{"href":"https:\/\/participatorymedicine.org\/epatients\/wp-json\/wp\/v2\/pages"}],"about":[{"href":"https:\/\/participatorymedicine.org\/epatients\/wp-json\/wp\/v2\/types\/page"}],"author":[{"embeddable":true,"href":"https:\/\/participatorymedicine.org\/epatients\/wp-json\/wp\/v2\/users\/4"}],"replies":[{"embeddable":true,"href":"https:\/\/participatorymedicine.org\/epatients\/wp-json\/wp\/v2\/comments?post=10637"}],"version-history":[{"count":14,"href":"https:\/\/participatorymedicine.org\/epatients\/wp-json\/wp\/v2\/pages\/10637\/revisions"}],"predecessor-version":[{"id":10668,"href":"https:\/\/participatorymedicine.org\/epatients\/wp-json\/wp\/v2\/pages\/10637\/revisions\/10668"}],"wp:attachment":[{"href":"https:\/\/participatorymedicine.org\/epatients\/wp-json\/wp\/v2\/media?parent=10637"}],"wp:term":[{"taxonomy":"author","embeddable":true,"href":"https:\/\/participatorymedicine.org\/epatients\/wp-json\/wp\/v2\/coauthors?post=10637"}],"curies":[{"name":"wp","href":"https:\/\/api.w.org\/{rel}","templated":true}]}}