{"id":4383,"date":"2017-07-07T11:59:40","date_gmt":"2017-07-07T15:59:40","guid":{"rendered":"https:\/\/participatorymedicine.org\/journal\/?page_id=4383"},"modified":"2017-07-07T13:04:26","modified_gmt":"2017-07-07T17:04:26","slug":"ict-to-support-chronic-disease-self-mgmt-rec-reading","status":"publish","type":"page","link":"https:\/\/participatorymedicine.org\/journal\/ict-to-support-chronic-disease-self-mgmt-rec-reading\/","title":{"rendered":"Information and Communication Technologies to Support Chronic Disease Self-Management: Recommended Reading"},"content":{"rendered":"<h3>Appendix A: Selected articles on ICT-enabled person-centered care for chronic disease management of cancer<\/h3>\n<p><em>Editor&#8217;s Note: This is supplementary material, provided by the authors, to <a href=\"https:\/\/participatorymedicine.org\/journal\/evidence\/research\/2017\/07\/05\/information-and-communication-technologies-to-support-chronic-disease-self-management\" target=\"_blank\">Wildevuur S, Thomese F, Ferguson J, Klink A. Information and communication technologies to support chronic disease self-management: preconditions for enhancing the partnership in person-centered care. J Participat Med. 2017 Jul 6; 9:e12.<\/a><\/em><\/p>\n<p>&nbsp;<\/p>\n<ul>\n<li>Bartlett YK, Selby DL, Newsham A, et al. Developing a useful, user-friendly website for cancer patient followup: users&#8217; perspectives on ease of access and usefulness. Eur J Cancer Care (Engl). 2012 Nov;21(6):747-57.<\/li>\n<li>Gustafson DH, Hawkins R, McTavish F, Pingree S, Chen WC, Volrathongchai K, Stengle W, Stewart JA, Serlin RC. Internet-based interactive support for cancer patients: are integrated systems better? J Commun. 2008 Jun;58(2):238-257. <\/li>\n<li>Izquierdo F, Gracia J, Guerra M, Blasco JA, Andradas E. Health technology assessment-based development of a Spanish breast cancer patient decision aid. Int J Technol Assess Health Care. 2011;27(4):363-8.<\/li>\n<li>Lieberman MA, Golant M, Giese-Davis J, et al. Electronic support groups for breast carcinoma: a clinical trial of effectiveness. Cancer. 2003 Feb 15;97(4):920-5. <\/li>\n<li>Lieberman MA, Goldstein BA. Goldstein, Self-help on-line: an outcome evaluation of breast cancer bulletin boards. J Health Psychol. 2005 Nov;10(6):855-62.<\/li>\n<li>Ligibel JA, Meyerhardt J, Pierce JP, et al. Impact of a telephone-based physical activity intervention upon exercise behaviors and fitness in cancer survivors enrolled in a cooperative group setting. Breast Cancer Res Treat. 2012 Feb;132(1):205-13. <\/li>\n<li>Osei DK, Lee JW, Modest NN, Pothier PK. Effects of an online support group for prostate cancer survivors: a randomized trial. Urologic Nursing 33(3) (2013) 123-33.<\/li>\n<li>Ruland CM, Holte HH, R\u00f8islien J, et al. Effects of a computer-supported interactive tailored patient assessment tool on patient care, symptom distress, and patients&#8217; need for symptom management support: a randomized clinical trial. J Am Med Inform Assoc. 2010 Jul-Aug;17(4):403-10.<\/li>\n<li>Ruland CM, Maffei RM, B\u00f8r\u00f8sund E, Krahn A, Andersen T, Grimsb\u00f8 GH. Evaluation of different features of an eHealth application for personalized illness management support: cancer patients&#8217; use and appraisal of usefulness. Int J Med Inform. 2013 Jul;82(7):593-603.<\/li>\n<li>Seckin G. Informational and decisional empowerment in online health support communities: initial psychometric validation of the Cyber Info-Decisional Empowerment Scale (CIDES) and preliminary data from administration of the scale. Support Care Cancer. 2011 Dec;19(12):2057-61.<\/li>\n<li>Sugawara Y, Narimatsu H, Hozawa A, Shao L, Otani K, Fukao A. Cancer patients on Twitter: a novel patient community on social media. BMC Res Notes. 2012 Dec 27;5:699. <\/li>\n<li>van den Brink JL, Moorman PW, de Boer MF, et al. Impact on quality of life of a telemedicine system supporting head and neck cancer patients: a controlled trial during the postoperative period at home. J Am Med Inform Assoc. 2007 Mar-Apr;14(2):198-205.<\/li>\n<li>Yount SE, Rothrock N, Bass M, Beaumont JL, Pach D, Lad T, Patel J, Corona M, Weiland R, Del Ciello K, Cella D. A randomized trial of weekly symptom telemonitoring in advanced lung cancer. J Pain Symptom Manage. 2014 Jun;47(6):973-89. doi: 10.1016\/j.jpainsymman.2013.07.013.<\/li>\n<\/ul>\n<p>&nbsp;<\/p>\n","protected":false},"excerpt":{"rendered":"<p>Appendix A: Selected articles on ICT-enabled person-centered care for chronic disease management of cancer Editor&#8217;s Note: This is supplementary material, provided by the authors, to Wildevuur S, Thomese F, Ferguson [&hellip;]<\/p>\n","protected":false},"author":443,"featured_media":0,"parent":0,"menu_order":0,"comment_status":"closed","ping_status":"closed","template":"","meta":{"_et_pb_use_builder":"","_et_pb_old_content":"","_et_gb_content_width":"","_price":"","_stock":"","_tribe_ticket_header":"","_tribe_default_ticket_provider":"","_tribe_ticket_capacity":"0","_ticket_start_date":"","_ticket_end_date":"","_tribe_ticket_show_description":"","_tribe_ticket_show_not_going":false,"_tribe_ticket_use_global_stock":"","_tribe_ticket_global_stock_level":"","_global_stock_mode":"","_global_stock_cap":"","_tribe_rsvp_for_event":"","_tribe_ticket_going_count":"","_tribe_ticket_not_going_count":"","_tribe_tickets_list":"[]","_tribe_ticket_has_attendee_info_fields":false,"jetpack_post_was_ever_published":false,"footnotes":"","_tec_slr_enabled":"","_tec_slr_layout":""},"coauthors":[1055,1056,1057,1058],"class_list":["post-4383","page","type-page","status-publish","hentry"],"yoast_head":"<!-- This site is optimized with the Yoast SEO plugin v27.4 - https:\/\/yoast.com\/product\/yoast-seo-wordpress\/ -->\n<title>Information and Communication Technologies to Support Chronic Disease Self-Management: Recommended Reading - Journal of Participatory Medicine<\/title>\n<meta name=\"robots\" content=\"index, follow, max-snippet:-1, max-image-preview:large, max-video-preview:-1\" \/>\n<link rel=\"canonical\" href=\"https:\/\/participatorymedicine.org\/journal\/ict-to-support-chronic-disease-self-mgmt-rec-reading\/\" \/>\n<meta property=\"og:locale\" content=\"en_US\" \/>\n<meta property=\"og:type\" content=\"article\" \/>\n<meta property=\"og:title\" content=\"Information and Communication Technologies to Support Chronic Disease Self-Management: Recommended Reading - Journal of Participatory Medicine\" \/>\n<meta property=\"og:description\" content=\"Appendix A: Selected articles on ICT-enabled person-centered care for chronic disease management of cancer Editor&#8217;s Note: This is supplementary material, provided by the authors, to Wildevuur S, Thomese F, Ferguson [&hellip;]\" \/>\n<meta property=\"og:url\" content=\"https:\/\/participatorymedicine.org\/journal\/ict-to-support-chronic-disease-self-mgmt-rec-reading\/\" \/>\n<meta property=\"og:site_name\" content=\"Journal of Participatory Medicine\" \/>\n<meta property=\"article:modified_time\" content=\"2017-07-07T17:04:26+00:00\" \/>\n<meta name=\"twitter:card\" content=\"summary_large_image\" \/>\n<meta name=\"twitter:label1\" content=\"Est. reading time\" \/>\n\t<meta name=\"twitter:data1\" content=\"2 minutes\" \/>\n\t<meta name=\"twitter:label2\" content=\"Written by\" \/>\n\t<meta name=\"twitter:data2\" content=\"Sabine E. Wildevuur, Fleur Thomese, Julie Ferguson, Ab Klink\" \/>\n<script type=\"application\/ld+json\" class=\"yoast-schema-graph\">{\"@context\":\"https:\\\/\\\/schema.org\",\"@graph\":[{\"@type\":\"WebPage\",\"@id\":\"https:\\\/\\\/participatorymedicine.org\\\/journal\\\/ict-to-support-chronic-disease-self-mgmt-rec-reading\\\/\",\"url\":\"https:\\\/\\\/participatorymedicine.org\\\/journal\\\/ict-to-support-chronic-disease-self-mgmt-rec-reading\\\/\",\"name\":\"Information and Communication Technologies to Support Chronic Disease Self-Management: Recommended Reading - Journal of Participatory Medicine\",\"isPartOf\":{\"@id\":\"https:\\\/\\\/participatorymedicine.org\\\/journal\\\/#website\"},\"datePublished\":\"2017-07-07T15:59:40+00:00\",\"dateModified\":\"2017-07-07T17:04:26+00:00\",\"breadcrumb\":{\"@id\":\"https:\\\/\\\/participatorymedicine.org\\\/journal\\\/ict-to-support-chronic-disease-self-mgmt-rec-reading\\\/#breadcrumb\"},\"inLanguage\":\"en-US\",\"potentialAction\":[{\"@type\":\"ReadAction\",\"target\":[\"https:\\\/\\\/participatorymedicine.org\\\/journal\\\/ict-to-support-chronic-disease-self-mgmt-rec-reading\\\/\"]}]},{\"@type\":\"BreadcrumbList\",\"@id\":\"https:\\\/\\\/participatorymedicine.org\\\/journal\\\/ict-to-support-chronic-disease-self-mgmt-rec-reading\\\/#breadcrumb\",\"itemListElement\":[{\"@type\":\"ListItem\",\"position\":1,\"name\":\"Home\",\"item\":\"https:\\\/\\\/participatorymedicine.org\\\/journal\\\/\"},{\"@type\":\"ListItem\",\"position\":2,\"name\":\"Information and Communication Technologies to Support Chronic Disease Self-Management: Recommended Reading\"}]},{\"@type\":\"WebSite\",\"@id\":\"https:\\\/\\\/participatorymedicine.org\\\/journal\\\/#website\",\"url\":\"https:\\\/\\\/participatorymedicine.org\\\/journal\\\/\",\"name\":\"Journal of Participatory Medicine\",\"description\":\"\",\"potentialAction\":[{\"@type\":\"SearchAction\",\"target\":{\"@type\":\"EntryPoint\",\"urlTemplate\":\"https:\\\/\\\/participatorymedicine.org\\\/journal\\\/?s={search_term_string}\"},\"query-input\":{\"@type\":\"PropertyValueSpecification\",\"valueRequired\":true,\"valueName\":\"search_term_string\"}}],\"inLanguage\":\"en-US\"}]}<\/script>\n<!-- \/ Yoast SEO plugin. -->","yoast_head_json":{"title":"Information and Communication Technologies to Support Chronic Disease Self-Management: Recommended Reading - Journal of Participatory Medicine","robots":{"index":"index","follow":"follow","max-snippet":"max-snippet:-1","max-image-preview":"max-image-preview:large","max-video-preview":"max-video-preview:-1"},"canonical":"https:\/\/participatorymedicine.org\/journal\/ict-to-support-chronic-disease-self-mgmt-rec-reading\/","og_locale":"en_US","og_type":"article","og_title":"Information and Communication Technologies to Support Chronic Disease Self-Management: Recommended Reading - Journal of Participatory Medicine","og_description":"Appendix A: Selected articles on ICT-enabled person-centered care for chronic disease management of cancer Editor&#8217;s Note: This is supplementary material, provided by the authors, to Wildevuur S, Thomese F, Ferguson [&hellip;]","og_url":"https:\/\/participatorymedicine.org\/journal\/ict-to-support-chronic-disease-self-mgmt-rec-reading\/","og_site_name":"Journal of Participatory Medicine","article_modified_time":"2017-07-07T17:04:26+00:00","twitter_card":"summary_large_image","twitter_misc":{"Est. reading time":"2 minutes","Written by":"Sabine E. Wildevuur, Fleur Thomese, Julie Ferguson, Ab Klink"},"schema":{"@context":"https:\/\/schema.org","@graph":[{"@type":"WebPage","@id":"https:\/\/participatorymedicine.org\/journal\/ict-to-support-chronic-disease-self-mgmt-rec-reading\/","url":"https:\/\/participatorymedicine.org\/journal\/ict-to-support-chronic-disease-self-mgmt-rec-reading\/","name":"Information and Communication Technologies to Support Chronic Disease Self-Management: Recommended Reading - Journal of Participatory Medicine","isPartOf":{"@id":"https:\/\/participatorymedicine.org\/journal\/#website"},"datePublished":"2017-07-07T15:59:40+00:00","dateModified":"2017-07-07T17:04:26+00:00","breadcrumb":{"@id":"https:\/\/participatorymedicine.org\/journal\/ict-to-support-chronic-disease-self-mgmt-rec-reading\/#breadcrumb"},"inLanguage":"en-US","potentialAction":[{"@type":"ReadAction","target":["https:\/\/participatorymedicine.org\/journal\/ict-to-support-chronic-disease-self-mgmt-rec-reading\/"]}]},{"@type":"BreadcrumbList","@id":"https:\/\/participatorymedicine.org\/journal\/ict-to-support-chronic-disease-self-mgmt-rec-reading\/#breadcrumb","itemListElement":[{"@type":"ListItem","position":1,"name":"Home","item":"https:\/\/participatorymedicine.org\/journal\/"},{"@type":"ListItem","position":2,"name":"Information and Communication Technologies to Support Chronic Disease Self-Management: Recommended Reading"}]},{"@type":"WebSite","@id":"https:\/\/participatorymedicine.org\/journal\/#website","url":"https:\/\/participatorymedicine.org\/journal\/","name":"Journal of Participatory Medicine","description":"","potentialAction":[{"@type":"SearchAction","target":{"@type":"EntryPoint","urlTemplate":"https:\/\/participatorymedicine.org\/journal\/?s={search_term_string}"},"query-input":{"@type":"PropertyValueSpecification","valueRequired":true,"valueName":"search_term_string"}}],"inLanguage":"en-US"}]}},"jetpack_shortlink":"https:\/\/wp.me\/P8S1Uy-18H","jetpack-related-posts":[],"ticketed":false,"_links":{"self":[{"href":"https:\/\/participatorymedicine.org\/journal\/wp-json\/wp\/v2\/pages\/4383","targetHints":{"allow":["GET"]}}],"collection":[{"href":"https:\/\/participatorymedicine.org\/journal\/wp-json\/wp\/v2\/pages"}],"about":[{"href":"https:\/\/participatorymedicine.org\/journal\/wp-json\/wp\/v2\/types\/page"}],"author":[{"embeddable":true,"href":"https:\/\/participatorymedicine.org\/journal\/wp-json\/wp\/v2\/users\/443"}],"replies":[{"embeddable":true,"href":"https:\/\/participatorymedicine.org\/journal\/wp-json\/wp\/v2\/comments?post=4383"}],"version-history":[{"count":7,"href":"https:\/\/participatorymedicine.org\/journal\/wp-json\/wp\/v2\/pages\/4383\/revisions"}],"predecessor-version":[{"id":4401,"href":"https:\/\/participatorymedicine.org\/journal\/wp-json\/wp\/v2\/pages\/4383\/revisions\/4401"}],"wp:attachment":[{"href":"https:\/\/participatorymedicine.org\/journal\/wp-json\/wp\/v2\/media?parent=4383"}],"wp:term":[{"taxonomy":"author","embeddable":true,"href":"https:\/\/participatorymedicine.org\/journal\/wp-json\/wp\/v2\/coauthors?post=4383"}],"curies":[{"name":"wp","href":"https:\/\/api.w.org\/{rel}","templated":true}]}}